{"id":37854,"date":"2025-01-22T01:00:25","date_gmt":"2025-01-21T23:00:25","guid":{"rendered":"https:\/\/pr-ide.de\/shopping-cart\/"},"modified":"2025-01-22T01:00:28","modified_gmt":"2025-01-21T23:00:28","slug":"shopping-cart","status":"publish","type":"page","link":"https:\/\/pr-ide.de\/en\/shopping-cart\/","title":{"rendered":"Shopping cart"},"content":{"rendered":"\n<div data-block-name=\"woocommerce\/cart\" class=\"wp-block-woocommerce-cart alignwide is-loading\">\n<div data-block-name=\"woocommerce\/filled-cart-block\" class=\"wp-block-woocommerce-filled-cart-block\">\n<div data-block-name=\"woocommerce\/cart-items-block\" class=\"wp-block-woocommerce-cart-items-block\">\n<div data-block-name=\"woocommerce\/cart-line-items-block\" class=\"wp-block-woocommerce-cart-line-items-block\"><\/div>\n\n\n\n<div data-block-name=\"woocommerce\/cart-cross-sells-block\" class=\"wp-block-woocommerce-cart-cross-sells-block\">\n<h2 class=\"wp-block-heading has-large-font-size\">This might interest you&#8230;<\/h2>\n\n\n\n<div data-block-name=\"woocommerce\/cart-cross-sells-products-block\" class=\"wp-block-woocommerce-cart-cross-sells-products-block\"><\/div>\n<\/div>\n<\/div>\n\n\n\n<div data-block-name=\"woocommerce\/cart-totals-block\" class=\"wp-block-woocommerce-cart-totals-block\"><div data-block-name=\"woocommerce-germanized\/cart-summary-item\" class=\"wp-block-woocommerce-germanized-cart-summary-item\"><\/div>\n<div data-block-name=\"woocommerce\/cart-order-summary-block\" class=\"wp-block-woocommerce-cart-order-summary-block\">\n<div data-block-name=\"woocommerce\/cart-order-summary-heading-block\" class=\"wp-block-woocommerce-cart-order-summary-heading-block\"><\/div><div data-block-name=\"woocommerce\/cart-order-summary-coupon-form-block\" class=\"wp-block-woocommerce-cart-order-summary-coupon-form-block\"><\/div><div data-block-name=\"woocommerce\/cart-order-summary-totals-block\" class=\"wp-block-woocommerce-cart-order-summary-totals-block\">\n<div data-block-name=\"woocommerce\/cart-order-summary-subtotal-block\" class=\"wp-block-woocommerce-cart-order-summary-subtotal-block\"><\/div>\n<div data-block-name=\"woocommerce\/cart-order-summary-discount-block\" class=\"wp-block-woocommerce-cart-order-summary-discount-block\"><\/div>\n<div data-block-name=\"woocommerce\/cart-order-summary-fee-block\" class=\"wp-block-woocommerce-cart-order-summary-fee-block\"><\/div>\n<div data-block-name=\"woocommerce\/cart-order-summary-shipping-block\" class=\"wp-block-woocommerce-cart-order-summary-shipping-block\"><\/div>\n<div data-block-name=\"woocommerce\/cart-order-summary-taxes-block\" class=\"wp-block-woocommerce-cart-order-summary-taxes-block\"><\/div><\/div>\n<\/div>\n\n\n\n<div data-block-name=\"woocommerce\/cart-express-payment-block\" class=\"wp-block-woocommerce-cart-express-payment-block\"><\/div>\n\n\n\n<div data-block-name=\"woocommerce\/proceed-to-checkout-block\" class=\"wp-block-woocommerce-proceed-to-checkout-block\"><\/div>\n\n\n\n<div data-block-name=\"woocommerce\/cart-accepted-payment-methods-block\" class=\"wp-block-woocommerce-cart-accepted-payment-methods-block\"><\/div>\n<\/div>\n<\/div>\n\n\n\n<div data-block-name=\"woocommerce\/empty-cart-block\" class=\"wp-block-woocommerce-empty-cart-block\">\n<h2 class=\"wp-block-heading has-text-align-center with-empty-cart-icon wc-block-cart__empty-cart__title\">Your shopping cart is currently empty!<\/h2>\n\n\n\n<hr class=\"wp-block-separator has-alpha-channel-opacity is-style-dots\"\/>\n\n\n\n<h2 class=\"wp-block-heading has-text-align-center\">New in the shop<\/h2>\n\n\n<div data-block-name=\"woocommerce\/product-new\" data-columns=\"4\" data-rows=\"1\" class=\"wc-block-grid wp-block-product-new wp-block-woocommerce-product-new wc-block-product-new has-4-columns\"><ul class=\"wc-block-grid__products\"><li class=\"wc-block-grid__product\">\n\t\t\t\t<a href=\"https:\/\/pr-ide.de\/shop\/alternative-antriebe-in-der-landwirtschaft-lebenszykluswirkungen-bodeneffekte-und-umsetzungspfade-im-eu-kontext\/\" class=\"wc-block-grid__product-link\">\n\t\t\t\t\t\n\t\t\t\t\t<div class=\"wc-block-grid__product-image\"><img decoding=\"async\" width=\"500\" height=\"373\" src=\"https:\/\/pr-ide.de\/wp-content\/uploads\/2026\/03\/Firefly_GeminiFlash_futuristic-agricultural-machine-designed-like-an-Apple-industrial-design-studio-conce-206993-500x373.png\" class=\"attachment-woocommerce_thumbnail size-woocommerce_thumbnail lazyload\" alt=\"Alternative Antriebe in der Landwirtschaft: Lebenszykluswirkungen, Bodeneffekte und Umsetzungspfade im EU-Kontext\" srcset=\"data:image\/svg+xml,%3Csvg%20xmlns%3D%27http%3A%2F%2Fwww.w3.org%2F2000%2Fsvg%27%20width%3D%272400%27%20height%3D%271792%27%20viewBox%3D%270%200%202400%201792%27%3E%3Crect%20width%3D%272400%27%20height%3D%271792%27%20fill-opacity%3D%220%22%2F%3E%3C%2Fsvg%3E\" data-orig-src=\"https:\/\/pr-ide.de\/wp-content\/uploads\/2026\/03\/Firefly_GeminiFlash_futuristic-agricultural-machine-designed-like-an-Apple-industrial-design-studio-conce-206993-500x373.png\" data-srcset=\"https:\/\/pr-ide.de\/wp-content\/uploads\/2026\/03\/Firefly_GeminiFlash_futuristic-agricultural-machine-designed-like-an-Apple-industrial-design-studio-conce-206993-200x149.png 200w, https:\/\/pr-ide.de\/wp-content\/uploads\/2026\/03\/Firefly_GeminiFlash_futuristic-agricultural-machine-designed-like-an-Apple-industrial-design-studio-conce-206993-300x224.png 300w, https:\/\/pr-ide.de\/wp-content\/uploads\/2026\/03\/Firefly_GeminiFlash_futuristic-agricultural-machine-designed-like-an-Apple-industrial-design-studio-conce-206993-400x299.png 400w, https:\/\/pr-ide.de\/wp-content\/uploads\/2026\/03\/Firefly_GeminiFlash_futuristic-agricultural-machine-designed-like-an-Apple-industrial-design-studio-conce-206993-500x373.png 500w, https:\/\/pr-ide.de\/wp-content\/uploads\/2026\/03\/Firefly_GeminiFlash_futuristic-agricultural-machine-designed-like-an-Apple-industrial-design-studio-conce-206993-600x448.png 600w, https:\/\/pr-ide.de\/wp-content\/uploads\/2026\/03\/Firefly_GeminiFlash_futuristic-agricultural-machine-designed-like-an-Apple-industrial-design-studio-conce-206993-768x573.png 768w, https:\/\/pr-ide.de\/wp-content\/uploads\/2026\/03\/Firefly_GeminiFlash_futuristic-agricultural-machine-designed-like-an-Apple-industrial-design-studio-conce-206993-800x597.png 800w, https:\/\/pr-ide.de\/wp-content\/uploads\/2026\/03\/Firefly_GeminiFlash_futuristic-agricultural-machine-designed-like-an-Apple-industrial-design-studio-conce-206993-1024x765.png 1024w, https:\/\/pr-ide.de\/wp-content\/uploads\/2026\/03\/Firefly_GeminiFlash_futuristic-agricultural-machine-designed-like-an-Apple-industrial-design-studio-conce-206993-1200x896.png 1200w, https:\/\/pr-ide.de\/wp-content\/uploads\/2026\/03\/Firefly_GeminiFlash_futuristic-agricultural-machine-designed-like-an-Apple-industrial-design-studio-conce-206993-1536x1147.png 1536w\" data-sizes=\"auto\"><\/div>\n\t\t\t\t\t<div class=\"wc-block-grid__product-title\">Alternative Antriebe in der Landwirtschaft: Lebenszykluswirkungen, Bodeneffekte und Umsetzungspfade im EU-Kontext<\/div>\n\t\t\t\t<\/a>\n\t\t\t\t<div class=\"wc-block-grid__product-price price\"><span class=\"woocommerce-Price-amount amount\">0,00&nbsp;<span class=\"woocommerce-Price-currencySymbol\">&euro;<\/span><\/span> <small class=\"woocommerce-price-suffix\">Preis inkl. MwSt.<\/small><\/div><p class=\"wc-gzd-additional-info wc-gzd-additional-info-loop tax-info\">incl. 19% VAT<\/p>\n\t\t\t\t\n\t\t\t\t<div class=\"wp-block-button wc-block-grid__product-add-to-cart\"><a href=\"\/en\/wp-json\/wp\/v2\/pages\/37854?add-to-cart=43417\" aria-label=\"Add to cart: &ldquo;Alternative Antriebe in der Landwirtschaft: Lebenszykluswirkungen, Bodeneffekte und Umsetzungspfade im EU-Kontext&rdquo;\" data-quantity=\"1\" data-product_id=\"43417\" data-product_sku=\"\" data-price=\"0\" rel=\"nofollow\" class=\"wp-block-button__link  add_to_cart_button ajax_add_to_cart\">Add to cart<\/a><\/div>\n\t\t\t<\/li>\n<li class=\"wc-block-grid__product\">\n\t\t\t\t<a href=\"https:\/\/pr-ide.de\/shop\/zukunft-der-landtechnik-ki-bodenschutz-und-die-abloesung-des-schweren-traktors\/\" class=\"wc-block-grid__product-link\">\n\t\t\t\t\t\n\t\t\t\t\t<div class=\"wc-block-grid__product-image\"><img decoding=\"async\" width=\"500\" height=\"389\" src=\"https:\/\/pr-ide.de\/wp-content\/uploads\/2026\/01\/Firefly_Eine-symbolhafte-Darstellung-einer-Agrartechnischen-Drohne-gestaltersich-angeleht-a-891680-500x389.jpg\" class=\"attachment-woocommerce_thumbnail size-woocommerce_thumbnail lazyload\" alt=\"Eine symbolhafte Darstellung einer Agrartechnischen Drohne\" srcset=\"data:image\/svg+xml,%3Csvg%20xmlns%3D%27http%3A%2F%2Fwww.w3.org%2F2000%2Fsvg%27%20width%3D%272304%27%20height%3D%271792%27%20viewBox%3D%270%200%202304%201792%27%3E%3Crect%20width%3D%272304%27%20height%3D%271792%27%20fill-opacity%3D%220%22%2F%3E%3C%2Fsvg%3E\" data-orig-src=\"https:\/\/pr-ide.de\/wp-content\/uploads\/2026\/01\/Firefly_Eine-symbolhafte-Darstellung-einer-Agrartechnischen-Drohne-gestaltersich-angeleht-a-891680-500x389.jpg\" data-srcset=\"https:\/\/pr-ide.de\/wp-content\/uploads\/2026\/01\/Firefly_Eine-symbolhafte-Darstellung-einer-Agrartechnischen-Drohne-gestaltersich-angeleht-a-891680-200x156.jpg 200w, https:\/\/pr-ide.de\/wp-content\/uploads\/2026\/01\/Firefly_Eine-symbolhafte-Darstellung-einer-Agrartechnischen-Drohne-gestaltersich-angeleht-a-891680-300x233.jpg 300w, https:\/\/pr-ide.de\/wp-content\/uploads\/2026\/01\/Firefly_Eine-symbolhafte-Darstellung-einer-Agrartechnischen-Drohne-gestaltersich-angeleht-a-891680-400x311.jpg 400w, https:\/\/pr-ide.de\/wp-content\/uploads\/2026\/01\/Firefly_Eine-symbolhafte-Darstellung-einer-Agrartechnischen-Drohne-gestaltersich-angeleht-a-891680-500x389.jpg 500w, https:\/\/pr-ide.de\/wp-content\/uploads\/2026\/01\/Firefly_Eine-symbolhafte-Darstellung-einer-Agrartechnischen-Drohne-gestaltersich-angeleht-a-891680-600x467.jpg 600w, https:\/\/pr-ide.de\/wp-content\/uploads\/2026\/01\/Firefly_Eine-symbolhafte-Darstellung-einer-Agrartechnischen-Drohne-gestaltersich-angeleht-a-891680-768x597.jpg 768w, https:\/\/pr-ide.de\/wp-content\/uploads\/2026\/01\/Firefly_Eine-symbolhafte-Darstellung-einer-Agrartechnischen-Drohne-gestaltersich-angeleht-a-891680-800x622.jpg 800w, https:\/\/pr-ide.de\/wp-content\/uploads\/2026\/01\/Firefly_Eine-symbolhafte-Darstellung-einer-Agrartechnischen-Drohne-gestaltersich-angeleht-a-891680-1024x796.jpg 1024w, https:\/\/pr-ide.de\/wp-content\/uploads\/2026\/01\/Firefly_Eine-symbolhafte-Darstellung-einer-Agrartechnischen-Drohne-gestaltersich-angeleht-a-891680-1200x933.jpg 1200w, https:\/\/pr-ide.de\/wp-content\/uploads\/2026\/01\/Firefly_Eine-symbolhafte-Darstellung-einer-Agrartechnischen-Drohne-gestaltersich-angeleht-a-891680-1536x1195.jpg 1536w\" data-sizes=\"auto\"><\/div>\n\t\t\t\t\t<div class=\"wc-block-grid__product-title\">Zukunft der Landtechnik: KI, Bodenschutz und die Abl&ouml;sung des schweren Traktors<\/div>\n\t\t\t\t<\/a>\n\t\t\t\t<div class=\"wc-block-grid__product-price price\"><span class=\"woocommerce-Price-amount amount\">0,00&nbsp;<span class=\"woocommerce-Price-currencySymbol\">&euro;<\/span><\/span> <small class=\"woocommerce-price-suffix\">Preis inkl. MwSt.<\/small><\/div><p class=\"wc-gzd-additional-info wc-gzd-additional-info-loop tax-info\">incl. 19% VAT<\/p>\n\t\t\t\t\n\t\t\t\t<div class=\"wp-block-button wc-block-grid__product-add-to-cart\"><a href=\"\/en\/wp-json\/wp\/v2\/pages\/37854?add-to-cart=43297\" aria-label=\"Add to cart: &ldquo;Zukunft der Landtechnik: KI, Bodenschutz und die Abl&ouml;sung des schweren Traktors&rdquo;\" data-quantity=\"1\" data-product_id=\"43297\" data-product_sku=\"\" data-price=\"0\" rel=\"nofollow\" class=\"wp-block-button__link  add_to_cart_button ajax_add_to_cart\">Add to cart<\/a><\/div>\n\t\t\t<\/li>\n<li class=\"wc-block-grid__product\">\n\t\t\t\t<a href=\"https:\/\/pr-ide.de\/shop\/segeltoerns-mit-dem-charterboot\/\" class=\"wc-block-grid__product-link\">\n\t\t\t\t\t\n\t\t\t\t\t<div class=\"wc-block-grid__product-image\"><img decoding=\"async\" width=\"500\" height=\"708\" src=\"https:\/\/pr-ide.de\/wp-content\/uploads\/2025\/01\/CHARTER_DE-06-02-19-final-KORR02_Seite_01-scaled-e1737466145774-500x708.jpg\" class=\"attachment-woocommerce_thumbnail size-woocommerce_thumbnail lazyload\" alt=\"Segelt\u00f6rns mit dem Charterboot\" srcset=\"data:image\/svg+xml,%3Csvg%20xmlns%3D%27http%3A%2F%2Fwww.w3.org%2F2000%2Fsvg%27%20width%3D%27862%27%20height%3D%271220%27%20viewBox%3D%270%200%20862%201220%27%3E%3Crect%20width%3D%27862%27%20height%3D%271220%27%20fill-opacity%3D%220%22%2F%3E%3C%2Fsvg%3E\" data-orig-src=\"https:\/\/pr-ide.de\/wp-content\/uploads\/2025\/01\/CHARTER_DE-06-02-19-final-KORR02_Seite_01-scaled-e1737466145774-500x708.jpg\" data-srcset=\"https:\/\/pr-ide.de\/wp-content\/uploads\/2025\/01\/CHARTER_DE-06-02-19-final-KORR02_Seite_01-scaled-e1737466145774-200x283.jpg 200w, https:\/\/pr-ide.de\/wp-content\/uploads\/2025\/01\/CHARTER_DE-06-02-19-final-KORR02_Seite_01-scaled-e1737466145774-212x300.jpg 212w, https:\/\/pr-ide.de\/wp-content\/uploads\/2025\/01\/CHARTER_DE-06-02-19-final-KORR02_Seite_01-scaled-e1737466145774-400x566.jpg 400w, https:\/\/pr-ide.de\/wp-content\/uploads\/2025\/01\/CHARTER_DE-06-02-19-final-KORR02_Seite_01-scaled-e1737466145774-500x708.jpg 500w, https:\/\/pr-ide.de\/wp-content\/uploads\/2025\/01\/CHARTER_DE-06-02-19-final-KORR02_Seite_01-scaled-e1737466145774-600x849.jpg 600w, https:\/\/pr-ide.de\/wp-content\/uploads\/2025\/01\/CHARTER_DE-06-02-19-final-KORR02_Seite_01-scaled-e1737466145774-724x1024.jpg 724w, https:\/\/pr-ide.de\/wp-content\/uploads\/2025\/01\/CHARTER_DE-06-02-19-final-KORR02_Seite_01-scaled-e1737466145774-768x1087.jpg 768w, https:\/\/pr-ide.de\/wp-content\/uploads\/2025\/01\/CHARTER_DE-06-02-19-final-KORR02_Seite_01-scaled-e1737466145774-800x1132.jpg 800w, https:\/\/pr-ide.de\/wp-content\/uploads\/2025\/01\/CHARTER_DE-06-02-19-final-KORR02_Seite_01-scaled-e1737466145774.jpg 862w\" data-sizes=\"auto\" \/><\/div>\n\t\t\t\t\t<div class=\"wc-block-grid__product-title\">Segelt\u00f6rns mit dem Charterboot<\/div>\n\t\t\t\t<\/a>\n\t\t\t\t<div class=\"wc-block-grid__product-price price\"><span class=\"woocommerce-Price-amount amount\">0,00&nbsp;<span class=\"woocommerce-Price-currencySymbol\">&euro;<\/span><\/span><\/div>\n\t\t\t\t\n\t\t\t\t<div class=\"wp-block-button wc-block-grid__product-add-to-cart\"><a href=\"\/en\/wp-json\/wp\/v2\/pages\/37854?add-to-cart=37817\" aria-label=\"Add to cart: &ldquo;Segelt\u00f6rns mit dem Charterboot&rdquo;\" data-quantity=\"1\" data-product_id=\"37817\" data-product_sku=\"\" data-price=\"0\" rel=\"nofollow\" class=\"wp-block-button__link  add_to_cart_button ajax_add_to_cart\">Add to cart<\/a><\/div>\n\t\t\t<\/li><li class=\"wc-block-grid__product\">\n\t\t\t\t<a href=\"https:\/\/pr-ide.de\/shop\/die-suedliche-ostseekueste-fuer-motorbootfahrer\/\" class=\"wc-block-grid__product-link\">\n\t\t\t\t\t\n\t\t\t\t\t<div class=\"wc-block-grid__product-image\"><img decoding=\"async\" width=\"500\" height=\"620\" src=\"https:\/\/pr-ide.de\/wp-content\/uploads\/2025\/01\/2025-01-21-13_59_56-Motor-DE-11-01-19-final.pdf-Adobe-Acrobat-Pro-64-bit-500x620.png\" class=\"attachment-woocommerce_thumbnail size-woocommerce_thumbnail lazyload\" alt=\"Die s\u00fcdliche Ostseek\u00fcste f\u00fcr Motorbootfahrer\" srcset=\"data:image\/svg+xml,%3Csvg%20xmlns%3D%27http%3A%2F%2Fwww.w3.org%2F2000%2Fsvg%27%20width%3D%27752%27%20height%3D%27933%27%20viewBox%3D%270%200%20752%20933%27%3E%3Crect%20width%3D%27752%27%20height%3D%27933%27%20fill-opacity%3D%220%22%2F%3E%3C%2Fsvg%3E\" data-orig-src=\"https:\/\/pr-ide.de\/wp-content\/uploads\/2025\/01\/2025-01-21-13_59_56-Motor-DE-11-01-19-final.pdf-Adobe-Acrobat-Pro-64-bit-500x620.png\" data-srcset=\"https:\/\/pr-ide.de\/wp-content\/uploads\/2025\/01\/2025-01-21-13_59_56-Motor-DE-11-01-19-final.pdf-Adobe-Acrobat-Pro-64-bit-200x248.png 200w, https:\/\/pr-ide.de\/wp-content\/uploads\/2025\/01\/2025-01-21-13_59_56-Motor-DE-11-01-19-final.pdf-Adobe-Acrobat-Pro-64-bit-242x300.png 242w, https:\/\/pr-ide.de\/wp-content\/uploads\/2025\/01\/2025-01-21-13_59_56-Motor-DE-11-01-19-final.pdf-Adobe-Acrobat-Pro-64-bit-400x496.png 400w, https:\/\/pr-ide.de\/wp-content\/uploads\/2025\/01\/2025-01-21-13_59_56-Motor-DE-11-01-19-final.pdf-Adobe-Acrobat-Pro-64-bit-500x620.png 500w, https:\/\/pr-ide.de\/wp-content\/uploads\/2025\/01\/2025-01-21-13_59_56-Motor-DE-11-01-19-final.pdf-Adobe-Acrobat-Pro-64-bit-600x744.png 600w, https:\/\/pr-ide.de\/wp-content\/uploads\/2025\/01\/2025-01-21-13_59_56-Motor-DE-11-01-19-final.pdf-Adobe-Acrobat-Pro-64-bit.png 752w\" data-sizes=\"auto\" \/><\/div>\n\t\t\t\t\t<div class=\"wc-block-grid__product-title\">Die s\u00fcdliche Ostseek\u00fcste f\u00fcr Motorbootfahrer<\/div>\n\t\t\t\t<\/a>\n\t\t\t\t<div class=\"wc-block-grid__product-price price\"><span class=\"woocommerce-Price-amount amount\">0,00&nbsp;<span class=\"woocommerce-Price-currencySymbol\">&euro;<\/span><\/span><\/div>\n\t\t\t\t\n\t\t\t\t<div class=\"wp-block-button wc-block-grid__product-add-to-cart\"><a href=\"\/en\/wp-json\/wp\/v2\/pages\/37854?add-to-cart=37791\" aria-label=\"Add to cart: &ldquo;Die s\u00fcdliche Ostseek\u00fcste f\u00fcr Motorbootfahrer&rdquo;\" data-quantity=\"1\" data-product_id=\"37791\" data-product_sku=\"\" data-price=\"0\" rel=\"nofollow\" class=\"wp-block-button__link  add_to_cart_button ajax_add_to_cart\">Add to cart<\/a><\/div>\n\t\t\t<\/li><\/ul><\/div><\/div>\n<\/div>\n","protected":false},"excerpt":{"rendered":"","protected":false},"author":1,"featured_media":0,"parent":0,"menu_order":0,"comment_status":"closed","ping_status":"closed","template":"","meta":{"_monsterinsights_skip_tracking":false,"_monsterinsights_sitenote_active":false,"_monsterinsights_sitenote_note":"","_monsterinsights_sitenote_category":0,"footnotes":""},"class_list":["post-37854","page","type-page","status-publish","hentry"],"yoast_head":"<!-- This site is optimized with the Yoast SEO plugin v27.2 - https:\/\/yoast.com\/product\/yoast-seo-wordpress\/ -->\n<title>Shopping cart - pr-ide<\/title>\n<meta name=\"robots\" content=\"index, follow, max-snippet:-1, max-image-preview:large, max-video-preview:-1\" \/>\n<link rel=\"canonical\" href=\"https:\/\/pr-ide.de\/en\/shopping-cart\/\" \/>\n<meta property=\"og:locale\" content=\"en_US\" \/>\n<meta property=\"og:type\" content=\"article\" \/>\n<meta property=\"og:title\" content=\"Shopping cart - pr-ide\" \/>\n<meta property=\"og:url\" content=\"https:\/\/pr-ide.de\/en\/shopping-cart\/\" \/>\n<meta property=\"og:site_name\" content=\"pr-ide\" \/>\n<meta property=\"article:publisher\" content=\"https:\/\/www.facebook.com\/prideberlin\/\" \/>\n<meta property=\"article:modified_time\" content=\"2025-01-21T23:00:28+00:00\" \/>\n<script type=\"application\/ld+json\" class=\"yoast-schema-graph\">{\"@context\":\"https:\/\/schema.org\",\"@graph\":[{\"@type\":\"WebPage\",\"@id\":\"https:\/\/pr-ide.de\/en\/shopping-cart\/\",\"url\":\"https:\/\/pr-ide.de\/en\/shopping-cart\/\",\"name\":\"Shopping cart - pr-ide\",\"isPartOf\":{\"@id\":\"https:\/\/pr-ide.de\/#website\"},\"datePublished\":\"2025-01-21T23:00:25+00:00\",\"dateModified\":\"2025-01-21T23:00:28+00:00\",\"breadcrumb\":{\"@id\":\"https:\/\/pr-ide.de\/en\/shopping-cart\/#breadcrumb\"},\"inLanguage\":\"en-US\",\"potentialAction\":[{\"@type\":\"ReadAction\",\"target\":[\"https:\/\/pr-ide.de\/en\/shopping-cart\/\"]}]},{\"@type\":\"BreadcrumbList\",\"@id\":\"https:\/\/pr-ide.de\/en\/shopping-cart\/#breadcrumb\",\"itemListElement\":[{\"@type\":\"ListItem\",\"position\":1,\"name\":\"Home\",\"item\":\"https:\/\/pr-ide.de\/en\/the-agency-for-creative-success\/\"},{\"@type\":\"ListItem\",\"position\":2,\"name\":\"Shopping cart\"}]},{\"@type\":\"WebSite\",\"@id\":\"https:\/\/pr-ide.de\/#website\",\"url\":\"https:\/\/pr-ide.de\/\",\"name\":\"pr-ide\",\"description\":\"die agentur f\u00fcr kreative erfolge\",\"publisher\":{\"@id\":\"https:\/\/pr-ide.de\/#organization\"},\"potentialAction\":[{\"@type\":\"SearchAction\",\"target\":{\"@type\":\"EntryPoint\",\"urlTemplate\":\"https:\/\/pr-ide.de\/?s={search_term_string}\"},\"query-input\":{\"@type\":\"PropertyValueSpecification\",\"valueRequired\":true,\"valueName\":\"search_term_string\"}}],\"inLanguage\":\"en-US\"},{\"@type\":\"Organization\",\"@id\":\"https:\/\/pr-ide.de\/#organization\",\"name\":\"pr-ide\",\"url\":\"https:\/\/pr-ide.de\/\",\"logo\":{\"@type\":\"ImageObject\",\"inLanguage\":\"en-US\",\"@id\":\"https:\/\/pr-ide.de\/#\/schema\/logo\/image\/\",\"url\":\"\",\"contentUrl\":\"\",\"caption\":\"pr-ide\"},\"image\":{\"@id\":\"https:\/\/pr-ide.de\/#\/schema\/logo\/image\/\"},\"sameAs\":[\"https:\/\/www.facebook.com\/prideberlin\/\",\"https:\/\/x.com\/pr_ide\",\"https:\/\/www.linkedin.com\/company\/pr-ide-gbr\/\"]}]}<\/script>\n<!-- \/ Yoast SEO plugin. -->","yoast_head_json":{"title":"Shopping cart - pr-ide","robots":{"index":"index","follow":"follow","max-snippet":"max-snippet:-1","max-image-preview":"max-image-preview:large","max-video-preview":"max-video-preview:-1"},"canonical":"https:\/\/pr-ide.de\/en\/shopping-cart\/","og_locale":"en_US","og_type":"article","og_title":"Shopping cart - pr-ide","og_url":"https:\/\/pr-ide.de\/en\/shopping-cart\/","og_site_name":"pr-ide","article_publisher":"https:\/\/www.facebook.com\/prideberlin\/","article_modified_time":"2025-01-21T23:00:28+00:00","schema":{"@context":"https:\/\/schema.org","@graph":[{"@type":"WebPage","@id":"https:\/\/pr-ide.de\/en\/shopping-cart\/","url":"https:\/\/pr-ide.de\/en\/shopping-cart\/","name":"Shopping cart - pr-ide","isPartOf":{"@id":"https:\/\/pr-ide.de\/#website"},"datePublished":"2025-01-21T23:00:25+00:00","dateModified":"2025-01-21T23:00:28+00:00","breadcrumb":{"@id":"https:\/\/pr-ide.de\/en\/shopping-cart\/#breadcrumb"},"inLanguage":"en-US","potentialAction":[{"@type":"ReadAction","target":["https:\/\/pr-ide.de\/en\/shopping-cart\/"]}]},{"@type":"BreadcrumbList","@id":"https:\/\/pr-ide.de\/en\/shopping-cart\/#breadcrumb","itemListElement":[{"@type":"ListItem","position":1,"name":"Home","item":"https:\/\/pr-ide.de\/en\/the-agency-for-creative-success\/"},{"@type":"ListItem","position":2,"name":"Shopping cart"}]},{"@type":"WebSite","@id":"https:\/\/pr-ide.de\/#website","url":"https:\/\/pr-ide.de\/","name":"pr-ide","description":"die agentur f\u00fcr kreative erfolge","publisher":{"@id":"https:\/\/pr-ide.de\/#organization"},"potentialAction":[{"@type":"SearchAction","target":{"@type":"EntryPoint","urlTemplate":"https:\/\/pr-ide.de\/?s={search_term_string}"},"query-input":{"@type":"PropertyValueSpecification","valueRequired":true,"valueName":"search_term_string"}}],"inLanguage":"en-US"},{"@type":"Organization","@id":"https:\/\/pr-ide.de\/#organization","name":"pr-ide","url":"https:\/\/pr-ide.de\/","logo":{"@type":"ImageObject","inLanguage":"en-US","@id":"https:\/\/pr-ide.de\/#\/schema\/logo\/image\/","url":"","contentUrl":"","caption":"pr-ide"},"image":{"@id":"https:\/\/pr-ide.de\/#\/schema\/logo\/image\/"},"sameAs":["https:\/\/www.facebook.com\/prideberlin\/","https:\/\/x.com\/pr_ide","https:\/\/www.linkedin.com\/company\/pr-ide-gbr\/"]}]}},"jetpack_sharing_enabled":true,"_links":{"self":[{"href":"https:\/\/pr-ide.de\/en\/wp-json\/wp\/v2\/pages\/37854","targetHints":{"allow":["GET"]}}],"collection":[{"href":"https:\/\/pr-ide.de\/en\/wp-json\/wp\/v2\/pages"}],"about":[{"href":"https:\/\/pr-ide.de\/en\/wp-json\/wp\/v2\/types\/page"}],"author":[{"embeddable":true,"href":"https:\/\/pr-ide.de\/en\/wp-json\/wp\/v2\/users\/1"}],"replies":[{"embeddable":true,"href":"https:\/\/pr-ide.de\/en\/wp-json\/wp\/v2\/comments?post=37854"}],"version-history":[{"count":0,"href":"https:\/\/pr-ide.de\/en\/wp-json\/wp\/v2\/pages\/37854\/revisions"}],"wp:attachment":[{"href":"https:\/\/pr-ide.de\/en\/wp-json\/wp\/v2\/media?parent=37854"}],"curies":[{"name":"wp","href":"https:\/\/api.w.org\/{rel}","templated":true}]}}