{"id":37841,"date":"2025-01-21T23:09:27","date_gmt":"2025-01-21T21:09:27","guid":{"rendered":"https:\/\/pr-ide.de\/shop\/sailing-trips-with-the-charter-boat\/"},"modified":"2025-01-24T16:40:55","modified_gmt":"2025-01-24T14:40:55","slug":"sailing-trips-with-the-charter-boat","status":"publish","type":"product","link":"https:\/\/pr-ide.de\/en\/shop\/sailing-trips-with-the-charter-boat\/","title":{"rendered":"Sailing trips with the charter boat"},"content":{"rendered":"<h3>Where happiness lies<\/h3>\n<p>Colors, light, horizon, steep coasts and white sand. The air is salty and fresh. A blanket of calm descends over the sea and all the Bodden and lagoon waters. This is the southern Baltic coast. This is where happiness lies. With this brochure, we would like to show even those who do not have their own keel how easy it is to find this happiness &#8211; on the wide open sea and on land, in enchanting nature, lively towns and sleepy coastal villages. Whether in Western Pomerania, West Pomerania, Pomerania or in the Lithuanian region around Klaip\u0117da: as explorers of new routes and areas, passionate sailors can take advantage of local charter offers and go on exciting discovery tours by boat without having to travel far. The charter bases selected here offer high-quality boats that are suitable for one- to two-week or even longer charter discovery tours. From the charter bases in Greifswald, Kr\u00f6slin, Lauterbach, Breege, Stralsund, \u015awinouj\u015bcie (Swinem\u00fcnde), Ko\u0142obrzeg (Kolberg), Gdynia (Gdingen) and Klaip\u0117da, we have put together suggestions for trips a little off the beaten track. With this piece of pioneering work for the southern Baltic coast, we want to open up new horizons for you. Go on a voyage of discovery with us.    <\/p>\n","protected":false},"excerpt":{"rendered":"<h3>Under sail<\/h3>\n<h5>discover the southern Baltic coast by charter boat.<\/h5>\n<p>Enjoy the peace and quiet mile after mile and take a break on the water &#8211; even water sports enthusiasts who don&#8217;t have their own boat can do this. Whether in Western Pomerania (Greifswald, Kr\u00f6slin, Lauterbach, Breege, Stralsund), Zachodniopomorskie (\u015awinouj\u015bcie, Ko\u0142obrzeg), Pomorskie (Gdynia) or in the Klaip\u0117da region &#8211; boaters will find easily accessible harbors with sailing charter boat offers everywhere on the southern Baltic Sea coast. Those who set sail here have a free choice.<\/p>\n","protected":false},"featured_media":37821,"comment_status":"open","ping_status":"closed","template":"","meta":{"_monsterinsights_skip_tracking":false,"_monsterinsights_sitenote_active":false,"_monsterinsights_sitenote_note":"","_monsterinsights_sitenote_category":0},"product_brand":[],"product_cat":[1814],"product_tag":[1818],"class_list":{"0":"post-37841","1":"product","2":"type-product","3":"status-publish","4":"has-post-thumbnail","6":"product_cat-tourism-pr","7":"product_tag-charter-guide-baltic-sea-sailing","9":"first","10":"instock","11":"downloadable","12":"purchasable","13":"product-type-simple"},"yoast_head":"<!-- This site is optimized with the Yoast SEO plugin v27.2 - https:\/\/yoast.com\/product\/yoast-seo-wordpress\/ -->\n<title>Sailing trips with the charter boat - pr-ide<\/title>\n<meta name=\"robots\" content=\"index, follow, max-snippet:-1, max-image-preview:large, max-video-preview:-1\" \/>\n<link rel=\"canonical\" href=\"https:\/\/pr-ide.de\/en\/shop\/sailing-trips-with-the-charter-boat\/\" \/>\n<meta property=\"og:locale\" content=\"en_US\" \/>\n<meta property=\"og:type\" content=\"article\" \/>\n<meta property=\"og:title\" content=\"Sailing trips with the charter boat - pr-ide\" \/>\n<meta property=\"og:description\" content=\"Under sail discover the southern Baltic coast by charter boat. Enjoy the peace and quiet mile after mile and take a break on the water - even water sports enthusiasts who don&#039;t have their own boat can do this. Whether in Western Pomerania (Greifswald, Kr\u00f6slin, Lauterbach, Breege, Stralsund), Zachodniopomorskie (\u015awinouj\u015bcie, Ko\u0142obrzeg), Pomorskie (Gdynia) or in the Klaip\u0117da region - boaters will find easily accessible harbors with sailing charter boat offers everywhere on the southern Baltic Sea coast. Those who set sail here have a free choice.\" \/>\n<meta property=\"og:url\" content=\"https:\/\/pr-ide.de\/en\/shop\/sailing-trips-with-the-charter-boat\/\" \/>\n<meta property=\"og:site_name\" content=\"pr-ide\" \/>\n<meta property=\"article:publisher\" content=\"https:\/\/www.facebook.com\/prideberlin\/\" \/>\n<meta property=\"article:modified_time\" content=\"2025-01-24T14:40:55+00:00\" \/>\n<meta property=\"og:image\" content=\"https:\/\/pr-ide.de\/wp-content\/uploads\/2025\/01\/CHARTER_DE-06-02-19-final-KORR02_Seite_01-scaled-e1737466145774.jpg\" \/>\n\t<meta property=\"og:image:width\" content=\"2560\" \/>\n\t<meta property=\"og:image:height\" content=\"1221\" \/>\n\t<meta property=\"og:image:type\" content=\"image\/jpeg\" \/>\n<meta name=\"twitter:label1\" content=\"Est. reading time\" \/>\n\t<meta name=\"twitter:data1\" content=\"1 minute\" \/>\n<script type=\"application\/ld+json\" class=\"yoast-schema-graph\">{\"@context\":\"https:\/\/schema.org\",\"@graph\":[{\"@type\":\"WebPage\",\"@id\":\"https:\/\/pr-ide.de\/en\/shop\/sailing-trips-with-the-charter-boat\/\",\"url\":\"https:\/\/pr-ide.de\/en\/shop\/sailing-trips-with-the-charter-boat\/\",\"name\":\"Sailing trips with the charter boat - pr-ide\",\"isPartOf\":{\"@id\":\"https:\/\/pr-ide.de\/#website\"},\"primaryImageOfPage\":{\"@id\":\"https:\/\/pr-ide.de\/en\/shop\/sailing-trips-with-the-charter-boat\/#primaryimage\"},\"image\":{\"@id\":\"https:\/\/pr-ide.de\/en\/shop\/sailing-trips-with-the-charter-boat\/#primaryimage\"},\"thumbnailUrl\":\"https:\/\/pr-ide.de\/wp-content\/uploads\/2025\/01\/CHARTER_DE-06-02-19-final-KORR02_Seite_01-scaled-e1737466145774.jpg\",\"datePublished\":\"2025-01-21T21:09:27+00:00\",\"dateModified\":\"2025-01-24T14:40:55+00:00\",\"breadcrumb\":{\"@id\":\"https:\/\/pr-ide.de\/en\/shop\/sailing-trips-with-the-charter-boat\/#breadcrumb\"},\"inLanguage\":\"en-US\",\"potentialAction\":[{\"@type\":\"ReadAction\",\"target\":[\"https:\/\/pr-ide.de\/en\/shop\/sailing-trips-with-the-charter-boat\/\"]}]},{\"@type\":\"ImageObject\",\"inLanguage\":\"en-US\",\"@id\":\"https:\/\/pr-ide.de\/en\/shop\/sailing-trips-with-the-charter-boat\/#primaryimage\",\"url\":\"https:\/\/pr-ide.de\/wp-content\/uploads\/2025\/01\/CHARTER_DE-06-02-19-final-KORR02_Seite_01-scaled-e1737466145774.jpg\",\"contentUrl\":\"https:\/\/pr-ide.de\/wp-content\/uploads\/2025\/01\/CHARTER_DE-06-02-19-final-KORR02_Seite_01-scaled-e1737466145774.jpg\",\"width\":2560,\"height\":1221},{\"@type\":\"BreadcrumbList\",\"@id\":\"https:\/\/pr-ide.de\/en\/shop\/sailing-trips-with-the-charter-boat\/#breadcrumb\",\"itemListElement\":[{\"@type\":\"ListItem\",\"position\":1,\"name\":\"Home\",\"item\":\"https:\/\/pr-ide.de\/en\/the-agency-for-creative-success\/\"},{\"@type\":\"ListItem\",\"position\":2,\"name\":\"Online Material\",\"item\":\"https:\/\/pr-ide.de\/shop\/\"},{\"@type\":\"ListItem\",\"position\":3,\"name\":\"Sailing trips with the charter boat\"}]},{\"@type\":\"WebSite\",\"@id\":\"https:\/\/pr-ide.de\/#website\",\"url\":\"https:\/\/pr-ide.de\/\",\"name\":\"pr-ide\",\"description\":\"die agentur f\u00fcr kreative erfolge\",\"publisher\":{\"@id\":\"https:\/\/pr-ide.de\/#organization\"},\"potentialAction\":[{\"@type\":\"SearchAction\",\"target\":{\"@type\":\"EntryPoint\",\"urlTemplate\":\"https:\/\/pr-ide.de\/?s={search_term_string}\"},\"query-input\":{\"@type\":\"PropertyValueSpecification\",\"valueRequired\":true,\"valueName\":\"search_term_string\"}}],\"inLanguage\":\"en-US\"},{\"@type\":\"Organization\",\"@id\":\"https:\/\/pr-ide.de\/#organization\",\"name\":\"pr-ide\",\"url\":\"https:\/\/pr-ide.de\/\",\"logo\":{\"@type\":\"ImageObject\",\"inLanguage\":\"en-US\",\"@id\":\"https:\/\/pr-ide.de\/#\/schema\/logo\/image\/\",\"url\":\"\",\"contentUrl\":\"\",\"caption\":\"pr-ide\"},\"image\":{\"@id\":\"https:\/\/pr-ide.de\/#\/schema\/logo\/image\/\"},\"sameAs\":[\"https:\/\/www.facebook.com\/prideberlin\/\",\"https:\/\/x.com\/pr_ide\",\"https:\/\/www.linkedin.com\/company\/pr-ide-gbr\/\"]}]}<\/script>\n<!-- \/ Yoast SEO plugin. -->","yoast_head_json":{"title":"Sailing trips with the charter boat - pr-ide","robots":{"index":"index","follow":"follow","max-snippet":"max-snippet:-1","max-image-preview":"max-image-preview:large","max-video-preview":"max-video-preview:-1"},"canonical":"https:\/\/pr-ide.de\/en\/shop\/sailing-trips-with-the-charter-boat\/","og_locale":"en_US","og_type":"article","og_title":"Sailing trips with the charter boat - pr-ide","og_description":"Under sail discover the southern Baltic coast by charter boat. Enjoy the peace and quiet mile after mile and take a break on the water - even water sports enthusiasts who don't have their own boat can do this. Whether in Western Pomerania (Greifswald, Kr\u00f6slin, Lauterbach, Breege, Stralsund), Zachodniopomorskie (\u015awinouj\u015bcie, Ko\u0142obrzeg), Pomorskie (Gdynia) or in the Klaip\u0117da region - boaters will find easily accessible harbors with sailing charter boat offers everywhere on the southern Baltic Sea coast. Those who set sail here have a free choice.","og_url":"https:\/\/pr-ide.de\/en\/shop\/sailing-trips-with-the-charter-boat\/","og_site_name":"pr-ide","article_publisher":"https:\/\/www.facebook.com\/prideberlin\/","article_modified_time":"2025-01-24T14:40:55+00:00","og_image":[{"width":2560,"height":1221,"url":"https:\/\/pr-ide.de\/wp-content\/uploads\/2025\/01\/CHARTER_DE-06-02-19-final-KORR02_Seite_01-scaled-e1737466145774.jpg","type":"image\/jpeg"}],"twitter_misc":{"Est. reading time":"1 minute"},"schema":{"@context":"https:\/\/schema.org","@graph":[{"@type":"WebPage","@id":"https:\/\/pr-ide.de\/en\/shop\/sailing-trips-with-the-charter-boat\/","url":"https:\/\/pr-ide.de\/en\/shop\/sailing-trips-with-the-charter-boat\/","name":"Sailing trips with the charter boat - pr-ide","isPartOf":{"@id":"https:\/\/pr-ide.de\/#website"},"primaryImageOfPage":{"@id":"https:\/\/pr-ide.de\/en\/shop\/sailing-trips-with-the-charter-boat\/#primaryimage"},"image":{"@id":"https:\/\/pr-ide.de\/en\/shop\/sailing-trips-with-the-charter-boat\/#primaryimage"},"thumbnailUrl":"https:\/\/pr-ide.de\/wp-content\/uploads\/2025\/01\/CHARTER_DE-06-02-19-final-KORR02_Seite_01-scaled-e1737466145774.jpg","datePublished":"2025-01-21T21:09:27+00:00","dateModified":"2025-01-24T14:40:55+00:00","breadcrumb":{"@id":"https:\/\/pr-ide.de\/en\/shop\/sailing-trips-with-the-charter-boat\/#breadcrumb"},"inLanguage":"en-US","potentialAction":[{"@type":"ReadAction","target":["https:\/\/pr-ide.de\/en\/shop\/sailing-trips-with-the-charter-boat\/"]}]},{"@type":"ImageObject","inLanguage":"en-US","@id":"https:\/\/pr-ide.de\/en\/shop\/sailing-trips-with-the-charter-boat\/#primaryimage","url":"https:\/\/pr-ide.de\/wp-content\/uploads\/2025\/01\/CHARTER_DE-06-02-19-final-KORR02_Seite_01-scaled-e1737466145774.jpg","contentUrl":"https:\/\/pr-ide.de\/wp-content\/uploads\/2025\/01\/CHARTER_DE-06-02-19-final-KORR02_Seite_01-scaled-e1737466145774.jpg","width":2560,"height":1221},{"@type":"BreadcrumbList","@id":"https:\/\/pr-ide.de\/en\/shop\/sailing-trips-with-the-charter-boat\/#breadcrumb","itemListElement":[{"@type":"ListItem","position":1,"name":"Home","item":"https:\/\/pr-ide.de\/en\/the-agency-for-creative-success\/"},{"@type":"ListItem","position":2,"name":"Online Material","item":"https:\/\/pr-ide.de\/shop\/"},{"@type":"ListItem","position":3,"name":"Sailing trips with the charter boat"}]},{"@type":"WebSite","@id":"https:\/\/pr-ide.de\/#website","url":"https:\/\/pr-ide.de\/","name":"pr-ide","description":"die agentur f\u00fcr kreative erfolge","publisher":{"@id":"https:\/\/pr-ide.de\/#organization"},"potentialAction":[{"@type":"SearchAction","target":{"@type":"EntryPoint","urlTemplate":"https:\/\/pr-ide.de\/?s={search_term_string}"},"query-input":{"@type":"PropertyValueSpecification","valueRequired":true,"valueName":"search_term_string"}}],"inLanguage":"en-US"},{"@type":"Organization","@id":"https:\/\/pr-ide.de\/#organization","name":"pr-ide","url":"https:\/\/pr-ide.de\/","logo":{"@type":"ImageObject","inLanguage":"en-US","@id":"https:\/\/pr-ide.de\/#\/schema\/logo\/image\/","url":"","contentUrl":"","caption":"pr-ide"},"image":{"@id":"https:\/\/pr-ide.de\/#\/schema\/logo\/image\/"},"sameAs":["https:\/\/www.facebook.com\/prideberlin\/","https:\/\/x.com\/pr_ide","https:\/\/www.linkedin.com\/company\/pr-ide-gbr\/"]}]}},"jetpack_sharing_enabled":true,"_links":{"self":[{"href":"https:\/\/pr-ide.de\/en\/wp-json\/wp\/v2\/product\/37841","targetHints":{"allow":["GET"]}}],"collection":[{"href":"https:\/\/pr-ide.de\/en\/wp-json\/wp\/v2\/product"}],"about":[{"href":"https:\/\/pr-ide.de\/en\/wp-json\/wp\/v2\/types\/product"}],"replies":[{"embeddable":true,"href":"https:\/\/pr-ide.de\/en\/wp-json\/wp\/v2\/comments?post=37841"}],"wp:featuredmedia":[{"embeddable":true,"href":"https:\/\/pr-ide.de\/en\/wp-json\/wp\/v2\/media\/37821"}],"wp:attachment":[{"href":"https:\/\/pr-ide.de\/en\/wp-json\/wp\/v2\/media?parent=37841"}],"wp:term":[{"taxonomy":"product_brand","embeddable":true,"href":"https:\/\/pr-ide.de\/en\/wp-json\/wp\/v2\/product_brand?post=37841"},{"taxonomy":"product_cat","embeddable":true,"href":"https:\/\/pr-ide.de\/en\/wp-json\/wp\/v2\/product_cat?post=37841"},{"taxonomy":"product_tag","embeddable":true,"href":"https:\/\/pr-ide.de\/en\/wp-json\/wp\/v2\/product_tag?post=37841"}],"curies":[{"name":"wp","href":"https:\/\/api.w.org\/{rel}","templated":true}]}}