{"id":37842,"date":"2025-01-21T23:17:04","date_gmt":"2025-01-21T21:17:04","guid":{"rendered":"https:\/\/pr-ide.de\/shop\/guide-middle-odra\/"},"modified":"2025-01-21T23:17:04","modified_gmt":"2025-01-21T21:17:04","slug":"guide-middle-odra","status":"publish","type":"product","link":"https:\/\/pr-ide.de\/en\/shop\/guide-middle-odra\/","title":{"rendered":"Guide Middle Odra"},"content":{"rendered":"<p>This travel guide invites water sports enthusiasts and nature lovers to get to know the lovely and unique area of the Middle Oder. The compact brochure provides information about the waterways, moorings and marinas in the water region and gives tips on the diverse tourist offers, places to stop and excursions in the area.<br \/>\nThe travel guide was financially supported by the European Regional Development Fund. The funds come from the Operational Program (2007-2013) for cross-border cooperation between Poland (Lubuskie Voivodeship) and the state of Brandenburg. The German-Polish cooperation here takes place under the motto &#8220;Overcoming borders through joint investments in the future&#8221;. The team of authors is very keen to make the unique cultural and natural landscape of the Oder region known to a wide audience at home and abroad. This travel guide was created on the initiative of the town of Nowa S\u00f3l (Neusalz an der Oder). The brochure was made possible as part of the &#8220;Oder for Tourists 2014&#8221; project thanks to the close cooperation of the towns of G\u0142og\u00f3w, Bytom Odrza\u0144ski, Cigacice, S\u0142ubice, Krosno Odrza\u0144skie, Eisenh\u00fcttenstadt, Frankfurt (Oder), G\u00f3rzyca and Kostrzyn nad Odr\u0105. Without the support and good cooperation of the project partners and many water sports enthusiasts, this travel guide would not have been possible. We would like to take this opportunity to express our sincere thanks to everyone involved.   <\/p>\n","protected":false},"excerpt":{"rendered":"<p><strong>Cross-border &#8211; Pearls along the Oder <\/strong><\/p>\n<p>Poland&#8217;s second longest river rises in the Moravian Oder Mountains near Kozlov and connects the three countries of the Czech Republic, Poland and Germany over a total length of 854 kilometers. From the mouth of the Neisse near Ratzdorf to just before Stettin, the Oder forms the German-Polish border. The river flows into the Szczecin Lagoon and is thus connected to the Baltic Sea. The Oder is navigable from the mouth of the Baltic Sea to Ko\u017ale for a total of 717 kilometers. With its 27 tributaries, the river is one of the most important European rivers. Hydrologically, the navigable river course is divided into the Upper, Middle and Lower Oder. This travel guide describes the area of the Middle Oder in the Lubuskie Voivodeship in the section from G\u0142og\u00f3w via Frankfurt (Oder) to Kostrzyn nad Odr\u0105. In recent years, this part of the Oder has developed into an attractive area for nature lovers, water enthusiasts, canoeists and anglers. With the new water tourism offers, the municipalities of Bytom Odrza\u0144ski, Nowa S\u00f3l, Sulech\u00f3w and Krosno Odrza\u0144skie are continuing a long maritime tradition. Two new passenger ships are to be launched in 2013 to stimulate tourist traffic on the Middle Oder and make trips on the water more attractive.         <\/p>\n","protected":false},"featured_media":37805,"comment_status":"open","ping_status":"closed","template":"","meta":{"_monsterinsights_skip_tracking":false,"_monsterinsights_sitenote_active":false,"_monsterinsights_sitenote_note":"","_monsterinsights_sitenote_category":0},"product_brand":[],"product_cat":[1814],"product_tag":[1819],"class_list":{"0":"post-37842","1":"product","2":"type-product","3":"status-publish","4":"has-post-thumbnail","6":"product_cat-tourism-pr","7":"product_tag-middle-oder","9":"first","10":"instock","11":"downloadable","12":"purchasable","13":"product-type-simple"},"yoast_head":"<!-- This site is optimized with the Yoast SEO plugin v27.2 - https:\/\/yoast.com\/product\/yoast-seo-wordpress\/ -->\n<title>Guide Middle Odra - pr-ide<\/title>\n<meta name=\"robots\" content=\"index, follow, max-snippet:-1, max-image-preview:large, max-video-preview:-1\" \/>\n<link rel=\"canonical\" href=\"https:\/\/pr-ide.de\/shop\/guide-middle-odra\/\" \/>\n<meta property=\"og:locale\" content=\"en_US\" \/>\n<meta property=\"og:type\" content=\"article\" \/>\n<meta property=\"og:title\" content=\"Guide Middle Odra - pr-ide\" \/>\n<meta property=\"og:description\" content=\"Cross-border - Pearls along the Oder  Poland&#039;s second longest river rises in the Moravian Oder Mountains near Kozlov and connects the three countries of the Czech Republic, Poland and Germany over a total length of 854 kilometers. From the mouth of the Neisse near Ratzdorf to just before Stettin, the Oder forms the German-Polish border. The river flows into the Szczecin Lagoon and is thus connected to the Baltic Sea. The Oder is navigable from the mouth of the Baltic Sea to Ko\u017ale for a total of 717 kilometers. With its 27 tributaries, the river is one of the most important European rivers. Hydrologically, the navigable river course is divided into the Upper, Middle and Lower Oder. This travel guide describes the area of the Middle Oder in the Lubuskie Voivodeship in the section from G\u0142og\u00f3w via Frankfurt (Oder) to Kostrzyn nad Odr\u0105. In recent years, this part of the Oder has developed into an attractive area for nature lovers, water enthusiasts, canoeists and anglers. With the new water tourism offers, the municipalities of Bytom Odrza\u0144ski, Nowa S\u00f3l, Sulech\u00f3w and Krosno Odrza\u0144skie are continuing a long maritime tradition. Two new passenger ships are to be launched in 2013 to stimulate tourist traffic on the Middle Oder and make trips on the water more attractive.\" \/>\n<meta property=\"og:url\" content=\"https:\/\/pr-ide.de\/shop\/guide-middle-odra\/\" \/>\n<meta property=\"og:site_name\" content=\"pr-ide\" \/>\n<meta property=\"article:publisher\" content=\"https:\/\/www.facebook.com\/prideberlin\/\" \/>\n<meta name=\"twitter:label1\" content=\"Est. reading time\" \/>\n\t<meta name=\"twitter:data1\" content=\"1 minute\" \/>\n<script type=\"application\/ld+json\" class=\"yoast-schema-graph\">{\"@context\":\"https:\/\/schema.org\",\"@graph\":[{\"@type\":\"WebPage\",\"@id\":\"https:\/\/pr-ide.de\/shop\/guide-middle-odra\/\",\"url\":\"https:\/\/pr-ide.de\/shop\/guide-middle-odra\/\",\"name\":\"Guide Middle Odra - pr-ide\",\"isPartOf\":{\"@id\":\"https:\/\/pr-ide.de\/#website\"},\"primaryImageOfPage\":{\"@id\":\"https:\/\/pr-ide.de\/shop\/guide-middle-odra\/#primaryimage\"},\"image\":{\"@id\":\"https:\/\/pr-ide.de\/shop\/guide-middle-odra\/#primaryimage\"},\"thumbnailUrl\":\"https:\/\/pr-ide.de\/wp-content\/uploads\/2025\/01\/12122012RF_Seite_01.jpg\",\"datePublished\":\"2025-01-21T21:17:04+00:00\",\"breadcrumb\":{\"@id\":\"https:\/\/pr-ide.de\/shop\/guide-middle-odra\/#breadcrumb\"},\"inLanguage\":\"en-US\",\"potentialAction\":[{\"@type\":\"ReadAction\",\"target\":[\"https:\/\/pr-ide.de\/shop\/guide-middle-odra\/\"]}]},{\"@type\":\"ImageObject\",\"inLanguage\":\"en-US\",\"@id\":\"https:\/\/pr-ide.de\/shop\/guide-middle-odra\/#primaryimage\",\"url\":\"https:\/\/pr-ide.de\/wp-content\/uploads\/2025\/01\/12122012RF_Seite_01.jpg\",\"contentUrl\":\"https:\/\/pr-ide.de\/wp-content\/uploads\/2025\/01\/12122012RF_Seite_01.jpg\",\"width\":1166,\"height\":1654},{\"@type\":\"BreadcrumbList\",\"@id\":\"https:\/\/pr-ide.de\/shop\/guide-middle-odra\/#breadcrumb\",\"itemListElement\":[{\"@type\":\"ListItem\",\"position\":1,\"name\":\"Home\",\"item\":\"https:\/\/pr-ide.de\/en\/the-agency-for-creative-success\/\"},{\"@type\":\"ListItem\",\"position\":2,\"name\":\"Online Material\",\"item\":\"https:\/\/pr-ide.de\/shop\/\"},{\"@type\":\"ListItem\",\"position\":3,\"name\":\"Guide Middle Odra\"}]},{\"@type\":\"WebSite\",\"@id\":\"https:\/\/pr-ide.de\/#website\",\"url\":\"https:\/\/pr-ide.de\/\",\"name\":\"pr-ide\",\"description\":\"die agentur f\u00fcr kreative erfolge\",\"publisher\":{\"@id\":\"https:\/\/pr-ide.de\/#organization\"},\"potentialAction\":[{\"@type\":\"SearchAction\",\"target\":{\"@type\":\"EntryPoint\",\"urlTemplate\":\"https:\/\/pr-ide.de\/?s={search_term_string}\"},\"query-input\":{\"@type\":\"PropertyValueSpecification\",\"valueRequired\":true,\"valueName\":\"search_term_string\"}}],\"inLanguage\":\"en-US\"},{\"@type\":\"Organization\",\"@id\":\"https:\/\/pr-ide.de\/#organization\",\"name\":\"pr-ide\",\"url\":\"https:\/\/pr-ide.de\/\",\"logo\":{\"@type\":\"ImageObject\",\"inLanguage\":\"en-US\",\"@id\":\"https:\/\/pr-ide.de\/#\/schema\/logo\/image\/\",\"url\":\"\",\"contentUrl\":\"\",\"caption\":\"pr-ide\"},\"image\":{\"@id\":\"https:\/\/pr-ide.de\/#\/schema\/logo\/image\/\"},\"sameAs\":[\"https:\/\/www.facebook.com\/prideberlin\/\",\"https:\/\/x.com\/pr_ide\",\"https:\/\/www.linkedin.com\/company\/pr-ide-gbr\/\"]}]}<\/script>\n<!-- \/ Yoast SEO plugin. -->","yoast_head_json":{"title":"Guide Middle Odra - pr-ide","robots":{"index":"index","follow":"follow","max-snippet":"max-snippet:-1","max-image-preview":"max-image-preview:large","max-video-preview":"max-video-preview:-1"},"canonical":"https:\/\/pr-ide.de\/shop\/guide-middle-odra\/","og_locale":"en_US","og_type":"article","og_title":"Guide Middle Odra - pr-ide","og_description":"Cross-border - Pearls along the Oder  Poland's second longest river rises in the Moravian Oder Mountains near Kozlov and connects the three countries of the Czech Republic, Poland and Germany over a total length of 854 kilometers. From the mouth of the Neisse near Ratzdorf to just before Stettin, the Oder forms the German-Polish border. The river flows into the Szczecin Lagoon and is thus connected to the Baltic Sea. The Oder is navigable from the mouth of the Baltic Sea to Ko\u017ale for a total of 717 kilometers. With its 27 tributaries, the river is one of the most important European rivers. Hydrologically, the navigable river course is divided into the Upper, Middle and Lower Oder. This travel guide describes the area of the Middle Oder in the Lubuskie Voivodeship in the section from G\u0142og\u00f3w via Frankfurt (Oder) to Kostrzyn nad Odr\u0105. In recent years, this part of the Oder has developed into an attractive area for nature lovers, water enthusiasts, canoeists and anglers. With the new water tourism offers, the municipalities of Bytom Odrza\u0144ski, Nowa S\u00f3l, Sulech\u00f3w and Krosno Odrza\u0144skie are continuing a long maritime tradition. Two new passenger ships are to be launched in 2013 to stimulate tourist traffic on the Middle Oder and make trips on the water more attractive.","og_url":"https:\/\/pr-ide.de\/shop\/guide-middle-odra\/","og_site_name":"pr-ide","article_publisher":"https:\/\/www.facebook.com\/prideberlin\/","twitter_misc":{"Est. reading time":"1 minute"},"schema":{"@context":"https:\/\/schema.org","@graph":[{"@type":"WebPage","@id":"https:\/\/pr-ide.de\/shop\/guide-middle-odra\/","url":"https:\/\/pr-ide.de\/shop\/guide-middle-odra\/","name":"Guide Middle Odra - pr-ide","isPartOf":{"@id":"https:\/\/pr-ide.de\/#website"},"primaryImageOfPage":{"@id":"https:\/\/pr-ide.de\/shop\/guide-middle-odra\/#primaryimage"},"image":{"@id":"https:\/\/pr-ide.de\/shop\/guide-middle-odra\/#primaryimage"},"thumbnailUrl":"https:\/\/pr-ide.de\/wp-content\/uploads\/2025\/01\/12122012RF_Seite_01.jpg","datePublished":"2025-01-21T21:17:04+00:00","breadcrumb":{"@id":"https:\/\/pr-ide.de\/shop\/guide-middle-odra\/#breadcrumb"},"inLanguage":"en-US","potentialAction":[{"@type":"ReadAction","target":["https:\/\/pr-ide.de\/shop\/guide-middle-odra\/"]}]},{"@type":"ImageObject","inLanguage":"en-US","@id":"https:\/\/pr-ide.de\/shop\/guide-middle-odra\/#primaryimage","url":"https:\/\/pr-ide.de\/wp-content\/uploads\/2025\/01\/12122012RF_Seite_01.jpg","contentUrl":"https:\/\/pr-ide.de\/wp-content\/uploads\/2025\/01\/12122012RF_Seite_01.jpg","width":1166,"height":1654},{"@type":"BreadcrumbList","@id":"https:\/\/pr-ide.de\/shop\/guide-middle-odra\/#breadcrumb","itemListElement":[{"@type":"ListItem","position":1,"name":"Home","item":"https:\/\/pr-ide.de\/en\/the-agency-for-creative-success\/"},{"@type":"ListItem","position":2,"name":"Online Material","item":"https:\/\/pr-ide.de\/shop\/"},{"@type":"ListItem","position":3,"name":"Guide Middle Odra"}]},{"@type":"WebSite","@id":"https:\/\/pr-ide.de\/#website","url":"https:\/\/pr-ide.de\/","name":"pr-ide","description":"die agentur f\u00fcr kreative erfolge","publisher":{"@id":"https:\/\/pr-ide.de\/#organization"},"potentialAction":[{"@type":"SearchAction","target":{"@type":"EntryPoint","urlTemplate":"https:\/\/pr-ide.de\/?s={search_term_string}"},"query-input":{"@type":"PropertyValueSpecification","valueRequired":true,"valueName":"search_term_string"}}],"inLanguage":"en-US"},{"@type":"Organization","@id":"https:\/\/pr-ide.de\/#organization","name":"pr-ide","url":"https:\/\/pr-ide.de\/","logo":{"@type":"ImageObject","inLanguage":"en-US","@id":"https:\/\/pr-ide.de\/#\/schema\/logo\/image\/","url":"","contentUrl":"","caption":"pr-ide"},"image":{"@id":"https:\/\/pr-ide.de\/#\/schema\/logo\/image\/"},"sameAs":["https:\/\/www.facebook.com\/prideberlin\/","https:\/\/x.com\/pr_ide","https:\/\/www.linkedin.com\/company\/pr-ide-gbr\/"]}]}},"jetpack_sharing_enabled":true,"_links":{"self":[{"href":"https:\/\/pr-ide.de\/en\/wp-json\/wp\/v2\/product\/37842","targetHints":{"allow":["GET"]}}],"collection":[{"href":"https:\/\/pr-ide.de\/en\/wp-json\/wp\/v2\/product"}],"about":[{"href":"https:\/\/pr-ide.de\/en\/wp-json\/wp\/v2\/types\/product"}],"replies":[{"embeddable":true,"href":"https:\/\/pr-ide.de\/en\/wp-json\/wp\/v2\/comments?post=37842"}],"wp:featuredmedia":[{"embeddable":true,"href":"https:\/\/pr-ide.de\/en\/wp-json\/wp\/v2\/media\/37805"}],"wp:attachment":[{"href":"https:\/\/pr-ide.de\/en\/wp-json\/wp\/v2\/media?parent=37842"}],"wp:term":[{"taxonomy":"product_brand","embeddable":true,"href":"https:\/\/pr-ide.de\/en\/wp-json\/wp\/v2\/product_brand?post=37842"},{"taxonomy":"product_cat","embeddable":true,"href":"https:\/\/pr-ide.de\/en\/wp-json\/wp\/v2\/product_cat?post=37842"},{"taxonomy":"product_tag","embeddable":true,"href":"https:\/\/pr-ide.de\/en\/wp-json\/wp\/v2\/product_tag?post=37842"}],"curies":[{"name":"wp","href":"https:\/\/api.w.org\/{rel}","templated":true}]}}